{"id":2730,"date":"2021-07-16T01:09:41","date_gmt":"2021-07-15T22:09:41","guid":{"rendered":"https:\/\/hotelezeri.lv\/seminari\/"},"modified":"2022-01-21T13:00:31","modified_gmt":"2022-01-21T11:00:31","slug":"seminars","status":"publish","type":"page","link":"https:\/\/hotelezeri.lv\/en\/seminars\/","title":{"rendered":"Seminars"},"content":{"rendered":"<p>SPA Hotel Ezeri is the perfect venue for corporate events: seminars, conferences, trainings, team-building and other events. We offer a spacious conference room to suit people&#8217;s tastes, as well as smaller rooms with all the necessary equipment for comfortable, creative and inspiring work.<\/p>\n<div class=\"wysiwyg-button\">\n    <a href=\"\" data-toggle=\"modal\" data-target=\"#offer-modal\" class=\"default-button\">Send a request<\/a>\n    <div class=\"reserve-modal-window\">\n    <div class=\"modal\" id=\"offer-modal\" tabindex=\"-1\">\n        <div class=\"contact-form-modal-wrapper background-white position-relative\">\n            <form class=\"contact-form-modal\" id=\"offer-form-modal\" method=\"post\" action=\"\">\n                <img decoding=\"async\" src=\"https:\/\/hotelezeri.lv\/wp-content\/themes\/hotelezeri\/images\/cancel.svg\" alt=\"close\" class=\"modal-close position-absolute\" data-dismiss=\"modal\">\n\n                                <input type=\"hidden\" name=\"offer-link\" value=\"https:\/\/hotelezeri.lv\/en\/wp-json\/wp\/v2\/pages\/2730\">\n                <input type=\"hidden\" name=\"offer-title\" value=\"Seminars\">\n\n                <h2 class=\"main-title text-center\">Rezerv\u0101cija<\/h2>\n\n                <div class=\"inputs-wrapper d-flex flex-wrap justify-content-between m-auto-horizontal\">\n\n                    <div class=\"input-wrapper name-input\">\n                        <h4 class=\"input-title\">V\u0101rds<\/h4>\n                        <div class=\"single-input\">\n                            <input type=\"text\" name=\"form-name\" class=\"w-100\">\n                        <\/div>\n                    <\/div>\n\n                    <div class=\"input-wrapper surname-input\">\n                        <h4 class=\"input-title\">Uzv\u0101rds<\/h4>\n                        <div class=\"single-input\">\n                            <input type=\"text\" name=\"form-surname\" class=\"w-100\">\n                        <\/div>\n                    <\/div>\n\n                    <div class=\"input-wrapper email-input\">\n                        <h4 class=\"input-title\">E-pasts<\/h4>\n                        <div class=\"single-input\">\n                            <input type=\"text\" name=\"form-email\" class=\"w-100\">\n                        <\/div>\n                    <\/div>\n\n                    <div class=\"input-wrapper phone-input\">\n                        <h4 class=\"input-title\">Kontaktt\u0101lrunis<\/h4>\n                        <div class=\"single-input\">\n                            <input type=\"text\" name=\"form-phone\" class=\"w-100\">\n                        <\/div>\n                    <\/div>\n\n                    <div class=\"input-wrapper date-input\">\n                        <h4 class=\"input-title\">V\u0113lamais iera\u0161an\u0101s datums<\/h4>\n                        <div class=\"single-input\">\n                            <input type=\"text\" name=\"form-date\" class=\"w-100\" readonly id=\"datepicker\">\n                        <\/div>\n                    <\/div>\n\n                    <div class=\"input-wrapper message-input w-100\">\n                        <h4 class=\"input-title\">Piez\u012bmes<\/h4>\n                        <div class=\"single-input\">\n                            <textarea name=\"form-message\" class=\"w-100\"><\/textarea>\n                        <\/div>\n                    <\/div>\n\n                    <div class=\"input-wrapper spa-info-input w-100\" style=\"display: none;\">\n                        <h4 class=\"input-title\">Rezerv\u0101cija<\/h4>\n                        <div class=\"single-input\">\n                            <textarea name=\"form-spa-info\" class=\"w-100 spa-js-textarea\" readonly><\/textarea>\n                        <\/div>\n                    <\/div>\n\n                                                                <div class=\"input-wrapper w-100\">\n                            <div class=\"wysiwyg-styles\">\n                                <p>* Your application will be processed within the next working day. In urgent cases and on holidays, please call <a href=\"tel:28646044\">28646044<\/a> or <a href=\"tel:67973009\">67973009<\/a><\/p>\n                            <\/div>\n                        <\/div>\n                    \n\n                                        <div class=\"checkboxes-wrapper-block d-flex flex-wrap justify-content-between w-100\">\n                        <div class=\"checkboxes-wrapper\">\n                            <div class=\"checkbox-single checkbox-privacy-1 w-100\">\n                                <input type=\"checkbox\" name=\"form-privacy-1\" id=\"privacy-1\" class=\"position-absolute privacy-checkbox\">\n                                <label for=\"privacy-1\" class=\"d-inline-flex checkbox-label align-items-center\">\n                                    <div class=\"checkbox-custom-wrapper d-flex justify-content-center\">\n                                        <div class=\"checkbox-back checkbox-back-1 transition-default position-relative\">\n                                            <div class=\"checkbox-mark background-white transition-default position-absolute w-100 h-100 d-flex justify-content-center align-items-center\">\n                                                <img decoding=\"async\" src=\"https:\/\/hotelezeri.lv\/wp-content\/themes\/hotelezeri\/images\/checkmark-orange.svg\">\n                                            <\/div>\n                                        <\/div>\n                                    <\/div>\n                                                                            <div class=\"checkbox-title default-color transition-default\">I agree to the <a href=\"https:\/\/hotelezeri.lv\/en\/Privacy-Policy\" target=\"_blank\">Privacy Policy <\/a><\/div>\n                                                                    <\/label>\n                            <\/div>\n                            <div class=\"checkbox-single checkbox-privacy-2 w-100\">\n                                <input type=\"checkbox\" name=\"form-privacy-2\" id=\"privacy-2\" class=\"position-absolute privacy-checkbox\">\n                                <label for=\"privacy-2\" class=\"d-inline-flex checkbox-label align-items-center\">\n                                    <div class=\"checkbox-custom-wrapper d-flex justify-content-center\">\n                                        <div class=\"checkbox-back checkbox-back-2 transition-default position-relative\">\n                                            <div class=\"checkbox-mark background-white transition-default position-absolute w-100 h-100 d-flex justify-content-center align-items-center\">\n                                                <img decoding=\"async\" src=\"https:\/\/hotelezeri.lv\/wp-content\/themes\/hotelezeri\/images\/checkmark-orange.svg\">\n                                            <\/div>\n                                        <\/div>\n                                    <\/div>\n                                                                            <div class=\"checkbox-title default-color transition-default\">I agree to receive special offers by email.<\/div>\n                                                                    <\/label>\n                            <\/div>\n                        <\/div>\n                        <div class=\"submit-button position-relative\">\n                            <input type=\"submit\" class=\"default-button reserv\" value=\"Rezerv\u0113t\">\n                            <img decoding=\"async\" src=\"https:\/\/hotelezeri.lv\/wp-content\/themes\/hotelezeri\/images\/preloader.png\" class=\"preloader preloader-offer position-absolute\">\n                        <\/div>\n                    <\/div>\n\n                <\/div>\n\n            <\/form>\n\n                        <div class=\"success-submit-offer text-center m-auto-horizontal\" style=\"display: none;\">\n                <div class=\"success-image\">\n                    <img decoding=\"async\" src=\"https:\/\/hotelezeri.lv\/wp-content\/themes\/hotelezeri\/images\/checkmark-orange.svg\" class=\"w-100\" alt=\"success\">\n                <\/div>\n                                    <div class=\"success-titles-wrapper wysiwyg-styles\"><p><strong>Thank you!<\/strong><\/p>\n<p>We have received your letter, we will contact you as soon as possible!<\/p>\n<p>* Your application will be processed within the next business day. In urgent cases and on weekends, please call 28646044 or 67973009<\/p>\n<\/div>\n                            <\/div>\n\n        <\/div>\n    <\/div>\n<\/div><\/div>\n<div class=\"wysiwyg-gallery d-flex flex-wrap\">\n            <div class=\"single-gallery-element position-relative overflow-hidden transition-default\">\n            <a href=\"\" data-toggle=\"modal\" data-target=\"#galleryImages0\" data-counter=\"0\" class=\"slider-image-link\">\n                <img decoding=\"async\" src=\"https:\/\/hotelezeri.lv\/wp-content\/uploads\/2021\/08\/seminari3-1-768x512.jpg\" class=\"gallery-image position-absolute w-100 h-100\" alt=\"\">\n                            <\/a>\n        <\/div>\n                <div class=\"single-gallery-element position-relative overflow-hidden transition-default\">\n            <a href=\"\" data-toggle=\"modal\" data-target=\"#galleryImages0\" data-counter=\"1\" class=\"slider-image-link\">\n                <img decoding=\"async\" src=\"https:\/\/hotelezeri.lv\/wp-content\/uploads\/2021\/08\/seminari6-768x512.jpg\" class=\"gallery-image position-absolute w-100 h-100\" alt=\"\">\n                            <\/a>\n        <\/div>\n                <div class=\"single-gallery-element position-relative overflow-hidden transition-default\">\n            <a href=\"\" data-toggle=\"modal\" data-target=\"#galleryImages0\" data-counter=\"2\" class=\"slider-image-link\">\n                <img decoding=\"async\" src=\"https:\/\/hotelezeri.lv\/wp-content\/uploads\/2021\/08\/seminari1-2-768x512.jpg\" class=\"gallery-image position-absolute w-100 h-100\" alt=\"\">\n                            <\/a>\n        <\/div>\n                <div class=\"single-gallery-element position-relative overflow-hidden transition-default\">\n            <a href=\"\" data-toggle=\"modal\" data-target=\"#galleryImages0\" data-counter=\"3\" class=\"slider-image-link\">\n                <img decoding=\"async\" src=\"https:\/\/hotelezeri.lv\/wp-content\/uploads\/2021\/08\/BEL28018-768x512.jpg\" class=\"gallery-image position-absolute w-100 h-100\" alt=\"\">\n                                    <div class=\"darkness-effect position-absolute w-100 h-100\"><\/div>\n                    <div class=\"number-additional position-absolute\"><img decoding=\"async\" src=\"https:\/\/hotelezeri.lv\/wp-content\/themes\/hotelezeri\/images\/image-gallery.svg\"> Atv\u0113rt v\u0113l 6 bildes<\/div>\n                            <\/a>\n        <\/div>\n        <\/div>\n<div class=\"image-modal-window\">\n    <div class=\"modal\" id=\"galleryImages0\" tabindex=\"-1\">\n        <div class=\"modal-dialog d-inline-block w-100\">\n            <div class=\"modal-content d-block\">\n                <div id=\"imagesSlider0\" class=\"carousel slide\" data-ride=\"carousel\" data-interval=\"false\">\n                    <div class=\"carousel-inner\">\n                                                    <div class=\"carousel-item active\" data-counter=\"0\">\n                                <div class=\"align-modal-helper d-flex flex-wrap align-items-center justify-content-center\">\n                                    <img decoding=\"async\" src=\"https:\/\/hotelezeri.lv\/wp-content\/uploads\/2021\/08\/seminari3-1-1500x1000.jpg\" class=\"slide-image\"  alt=\"\">\n                                                                    <\/div>\n                            <\/div>\n                                                        <div class=\"carousel-item \" data-counter=\"1\">\n                                <div class=\"align-modal-helper d-flex flex-wrap align-items-center justify-content-center\">\n                                    <img decoding=\"async\" src=\"https:\/\/hotelezeri.lv\/wp-content\/uploads\/2021\/08\/seminari6-1500x1000.jpg\" class=\"slide-image\"  alt=\"\">\n                                                                    <\/div>\n                            <\/div>\n                                                        <div class=\"carousel-item \" data-counter=\"2\">\n                                <div class=\"align-modal-helper d-flex flex-wrap align-items-center justify-content-center\">\n                                    <img decoding=\"async\" src=\"https:\/\/hotelezeri.lv\/wp-content\/uploads\/2021\/08\/seminari1-2-1500x1000.jpg\" class=\"slide-image\"  alt=\"\">\n                                                                    <\/div>\n                            <\/div>\n                                                        <div class=\"carousel-item \" data-counter=\"3\">\n                                <div class=\"align-modal-helper d-flex flex-wrap align-items-center justify-content-center\">\n                                    <img decoding=\"async\" src=\"https:\/\/hotelezeri.lv\/wp-content\/uploads\/2021\/08\/BEL28018-1500x1000.jpg\" class=\"slide-image\"  alt=\"\">\n                                                                    <\/div>\n                            <\/div>\n                                                        <div class=\"carousel-item \" data-counter=\"4\">\n                                <div class=\"align-modal-helper d-flex flex-wrap align-items-center justify-content-center\">\n                                    <img decoding=\"async\" src=\"https:\/\/hotelezeri.lv\/wp-content\/uploads\/2021\/08\/seminari-1500x1000.jpg\" class=\"slide-image\"  alt=\"\">\n                                                                    <\/div>\n                            <\/div>\n                                                        <div class=\"carousel-item \" data-counter=\"5\">\n                                <div class=\"align-modal-helper d-flex flex-wrap align-items-center justify-content-center\">\n                                    <img decoding=\"async\" src=\"https:\/\/hotelezeri.lv\/wp-content\/uploads\/2021\/08\/seminari1-1-1500x1000.jpg\" class=\"slide-image\"  alt=\"\">\n                                                                    <\/div>\n                            <\/div>\n                                                        <div class=\"carousel-item \" data-counter=\"6\">\n                                <div class=\"align-modal-helper d-flex flex-wrap align-items-center justify-content-center\">\n                                    <img decoding=\"async\" src=\"https:\/\/hotelezeri.lv\/wp-content\/uploads\/2021\/08\/seminari8-1500x1000.jpg\" class=\"slide-image\"  alt=\"\">\n                                                                    <\/div>\n                            <\/div>\n                                                        <div class=\"carousel-item \" data-counter=\"7\">\n                                <div class=\"align-modal-helper d-flex flex-wrap align-items-center justify-content-center\">\n                                    <img decoding=\"async\" src=\"https:\/\/hotelezeri.lv\/wp-content\/uploads\/2021\/08\/seminari7-1500x1000.jpg\" class=\"slide-image\"  alt=\"\">\n                                                                    <\/div>\n                            <\/div>\n                                                        <div class=\"carousel-item \" data-counter=\"8\">\n                                <div class=\"align-modal-helper d-flex flex-wrap align-items-center justify-content-center\">\n                                    <img decoding=\"async\" src=\"https:\/\/hotelezeri.lv\/wp-content\/uploads\/2021\/08\/seminari2-2-1500x1000.jpg\" class=\"slide-image\"  alt=\"\">\n                                                                    <\/div>\n                            <\/div>\n                                                        <div class=\"carousel-item \" data-counter=\"9\">\n                                <div class=\"align-modal-helper d-flex flex-wrap align-items-center justify-content-center\">\n                                    <img decoding=\"async\" src=\"https:\/\/hotelezeri.lv\/wp-content\/uploads\/2021\/08\/seminari2-1-1500x1000.jpg\" class=\"slide-image\"  alt=\"\">\n                                                                    <\/div>\n                            <\/div>\n                                                <\/div>\n                <\/div>\n            <\/div>\n        <\/div>\n                    <a class=\"carousel-control-prev position-absolute\" href=\"#imagesSlider0\" role=\"button\" data-slide=\"prev\">\n                <img decoding=\"async\" src=\"https:\/\/hotelezeri.lv\/wp-content\/themes\/hotelezeri\/images\/left-chevron-white.svg\" alt=\"\">\n            <\/a>\n            <a class=\"carousel-control-next position-absolute\" href=\"#imagesSlider0\" role=\"button\" data-slide=\"next\">\n                <img decoding=\"async\" src=\"https:\/\/hotelezeri.lv\/wp-content\/themes\/hotelezeri\/images\/right-chevron-white.svg\" alt=\"\">\n            <\/a>\n                <button class=\"modal-cross position-absolute\" data-dismiss=\"modal\">\n            <img decoding=\"async\" src=\"https:\/\/hotelezeri.lv\/wp-content\/themes\/hotelezeri\/images\/cancel-white.svg\" alt=\"\">\n        <\/button>\n    <\/div>\n<\/div>\n<div class=\"pdf-files-list\">\n            <div class=\"single-pdf\">\n            <a href=\"https:\/\/hotelezeri.lv\/wp-content\/uploads\/2021\/10\/Semina\u0304ru-za\u0304les.pdf\" target=\"_blank\" class=\"d-inline-flex align-items-center\">\n                <div class=\"pdf-icon\">\n                    <img decoding=\"async\" src=\"https:\/\/hotelezeri.lv\/wp-content\/themes\/hotelezeri\/images\/pdf.png\" alt=\"\">\n                <\/div>\n                                    <div class=\"pdf-title\">Semin\u0101ru z\u0101les cenas<\/div>\n                            <\/a>\n        <\/div>\n    <\/div>\n","protected":false},"excerpt":{"rendered":"<p>SPA Hotel Ezeri is the perfect venue for corporate events: seminars, conferences, trainings, team-building and other events. We offer a spacious conference room to suit people&#8217;s tastes, as well as smaller rooms with all the necessary equipment for comfortable, creative and inspiring work.<\/p>\n","protected":false},"author":1,"featured_media":1474,"parent":0,"menu_order":0,"comment_status":"closed","ping_status":"closed","template":"universal-view.php","meta":{"_acf_changed":false,"footnotes":""},"class_list":["post-2730","page","type-page","status-publish","has-post-thumbnail","hentry"],"acf":[],"aioseo_notices":[],"_links":{"self":[{"href":"https:\/\/hotelezeri.lv\/en\/wp-json\/wp\/v2\/pages\/2730","targetHints":{"allow":["GET"]}}],"collection":[{"href":"https:\/\/hotelezeri.lv\/en\/wp-json\/wp\/v2\/pages"}],"about":[{"href":"https:\/\/hotelezeri.lv\/en\/wp-json\/wp\/v2\/types\/page"}],"author":[{"embeddable":true,"href":"https:\/\/hotelezeri.lv\/en\/wp-json\/wp\/v2\/users\/1"}],"replies":[{"embeddable":true,"href":"https:\/\/hotelezeri.lv\/en\/wp-json\/wp\/v2\/comments?post=2730"}],"version-history":[{"count":2,"href":"https:\/\/hotelezeri.lv\/en\/wp-json\/wp\/v2\/pages\/2730\/revisions"}],"predecessor-version":[{"id":2774,"href":"https:\/\/hotelezeri.lv\/en\/wp-json\/wp\/v2\/pages\/2730\/revisions\/2774"}],"wp:featuredmedia":[{"embeddable":true,"href":"https:\/\/hotelezeri.lv\/en\/wp-json\/wp\/v2\/media\/1474"}],"wp:attachment":[{"href":"https:\/\/hotelezeri.lv\/en\/wp-json\/wp\/v2\/media?parent=2730"}],"curies":[{"name":"wp","href":"https:\/\/api.w.org\/{rel}","templated":true}]}}