{"id":2725,"date":"2021-06-28T13:57:59","date_gmt":"2021-06-28T10:57:59","guid":{"rendered":"https:\/\/hotelezeri.lv\/restorans\/"},"modified":"2026-04-17T11:33:56","modified_gmt":"2026-04-17T08:33:56","slug":"restorans","status":"publish","type":"page","link":"https:\/\/hotelezeri.lv\/en\/restorans\/","title":{"rendered":"SPA Hotel Ezeri Restaurant"},"content":{"rendered":"<p>The chef of the restaurant \u201cGadalaiki\u201d surprises with something new every season. A pleasure not only for the stomach, but also for all other senses. Guests are invited to experience how exquisitely delicious and thoughtful food from local farmers can be.<\/p>\n<div class=\"wysiwyg-button\">\n    <a href=\"\" data-toggle=\"modal\" data-target=\"#offer-modal\" class=\"default-button\">Book a table<\/a>\n    <div class=\"reserve-modal-window\">\n    <div class=\"modal\" id=\"offer-modal\" tabindex=\"-1\">\n        <div class=\"contact-form-modal-wrapper background-white position-relative\">\n            <form class=\"contact-form-modal\" id=\"offer-form-modal\" method=\"post\" action=\"\">\n                <img decoding=\"async\" src=\"https:\/\/hotelezeri.lv\/wp-content\/themes\/hotelezeri\/images\/cancel.svg\" alt=\"close\" class=\"modal-close position-absolute\" data-dismiss=\"modal\">\n\n                                <input type=\"hidden\" name=\"offer-link\" value=\"https:\/\/hotelezeri.lv\/en\/wp-json\/wp\/v2\/pages\/2725\">\n                <input type=\"hidden\" name=\"offer-title\" value=\"SPA Hotel Ezeri Restaurant\">\n\n                <h2 class=\"main-title text-center\">Rezerv\u0101cija<\/h2>\n\n                <div class=\"inputs-wrapper d-flex flex-wrap justify-content-between m-auto-horizontal\">\n\n                    <div class=\"input-wrapper name-input\">\n                        <h4 class=\"input-title\">V\u0101rds<\/h4>\n                        <div class=\"single-input\">\n                            <input type=\"text\" name=\"form-name\" class=\"w-100\">\n                        <\/div>\n                    <\/div>\n\n                    <div class=\"input-wrapper surname-input\">\n                        <h4 class=\"input-title\">Uzv\u0101rds<\/h4>\n                        <div class=\"single-input\">\n                            <input type=\"text\" name=\"form-surname\" class=\"w-100\">\n                        <\/div>\n                    <\/div>\n\n                    <div class=\"input-wrapper email-input\">\n                        <h4 class=\"input-title\">E-pasts<\/h4>\n                        <div class=\"single-input\">\n                            <input type=\"text\" name=\"form-email\" class=\"w-100\">\n                        <\/div>\n                    <\/div>\n\n                    <div class=\"input-wrapper phone-input\">\n                        <h4 class=\"input-title\">Kontaktt\u0101lrunis<\/h4>\n                        <div class=\"single-input\">\n                            <input type=\"text\" name=\"form-phone\" class=\"w-100\">\n                        <\/div>\n                    <\/div>\n\n                    <div class=\"input-wrapper date-input\">\n                        <h4 class=\"input-title\">V\u0113lamais iera\u0161an\u0101s datums<\/h4>\n                        <div class=\"single-input\">\n                            <input type=\"text\" name=\"form-date\" class=\"w-100\" readonly id=\"datepicker\">\n                        <\/div>\n                    <\/div>\n\n                    <div class=\"input-wrapper message-input w-100\">\n                        <h4 class=\"input-title\">Piez\u012bmes<\/h4>\n                        <div class=\"single-input\">\n                            <textarea name=\"form-message\" class=\"w-100\"><\/textarea>\n                        <\/div>\n                    <\/div>\n\n                    <div class=\"input-wrapper spa-info-input w-100\" style=\"display: none;\">\n                        <h4 class=\"input-title\">Rezerv\u0101cija<\/h4>\n                        <div class=\"single-input\">\n                            <textarea name=\"form-spa-info\" class=\"w-100 spa-js-textarea\" readonly><\/textarea>\n                        <\/div>\n                    <\/div>\n\n                                                                <div class=\"input-wrapper w-100\">\n                            <div class=\"wysiwyg-styles\">\n                                <p>* Your application will be processed within the next working day. In urgent cases and on holidays, please call <a href=\"tel:28646044\">28646044<\/a> or <a href=\"tel:67973009\">67973009<\/a><\/p>\n                            <\/div>\n                        <\/div>\n                    \n\n                                        <div class=\"checkboxes-wrapper-block d-flex flex-wrap justify-content-between w-100\">\n                        <div class=\"checkboxes-wrapper\">\n                            <div class=\"checkbox-single checkbox-privacy-1 w-100\">\n                                <input type=\"checkbox\" name=\"form-privacy-1\" id=\"privacy-1\" class=\"position-absolute privacy-checkbox\">\n                                <label for=\"privacy-1\" class=\"d-inline-flex checkbox-label align-items-center\">\n                                    <div class=\"checkbox-custom-wrapper d-flex justify-content-center\">\n                                        <div class=\"checkbox-back checkbox-back-1 transition-default position-relative\">\n                                            <div class=\"checkbox-mark background-white transition-default position-absolute w-100 h-100 d-flex justify-content-center align-items-center\">\n                                                <img decoding=\"async\" src=\"https:\/\/hotelezeri.lv\/wp-content\/themes\/hotelezeri\/images\/checkmark-orange.svg\">\n                                            <\/div>\n                                        <\/div>\n                                    <\/div>\n                                                                            <div class=\"checkbox-title default-color transition-default\">I agree to the <a href=\"https:\/\/hotelezeri.lv\/en\/Privacy-Policy\" target=\"_blank\">Privacy Policy <\/a><\/div>\n                                                                    <\/label>\n                            <\/div>\n                            <div class=\"checkbox-single checkbox-privacy-2 w-100\">\n                                <input type=\"checkbox\" name=\"form-privacy-2\" id=\"privacy-2\" class=\"position-absolute privacy-checkbox\">\n                                <label for=\"privacy-2\" class=\"d-inline-flex checkbox-label align-items-center\">\n                                    <div class=\"checkbox-custom-wrapper d-flex justify-content-center\">\n                                        <div class=\"checkbox-back checkbox-back-2 transition-default position-relative\">\n                                            <div class=\"checkbox-mark background-white transition-default position-absolute w-100 h-100 d-flex justify-content-center align-items-center\">\n                                                <img decoding=\"async\" src=\"https:\/\/hotelezeri.lv\/wp-content\/themes\/hotelezeri\/images\/checkmark-orange.svg\">\n                                            <\/div>\n                                        <\/div>\n                                    <\/div>\n                                                                            <div class=\"checkbox-title default-color transition-default\">I agree to receive special offers by email.<\/div>\n                                                                    <\/label>\n                            <\/div>\n                        <\/div>\n                        <div class=\"submit-button position-relative\">\n                            <input type=\"submit\" class=\"default-button reserv\" value=\"Rezerv\u0113t\">\n                            <img decoding=\"async\" src=\"https:\/\/hotelezeri.lv\/wp-content\/themes\/hotelezeri\/images\/preloader.png\" class=\"preloader preloader-offer position-absolute\">\n                        <\/div>\n                    <\/div>\n\n                <\/div>\n\n            <\/form>\n\n                        <div class=\"success-submit-offer text-center m-auto-horizontal\" style=\"display: none;\">\n                <div class=\"success-image\">\n                    <img decoding=\"async\" src=\"https:\/\/hotelezeri.lv\/wp-content\/themes\/hotelezeri\/images\/checkmark-orange.svg\" class=\"w-100\" alt=\"success\">\n                <\/div>\n                                    <div class=\"success-titles-wrapper wysiwyg-styles\"><p><strong>Thank you!<\/strong><\/p>\n<p>We have received your letter, we will contact you as soon as possible!<\/p>\n<p>* Your application will be processed within the next business day. In urgent cases and on weekends, please call 28646044 or 67973009<\/p>\n<\/div>\n                            <\/div>\n\n        <\/div>\n    <\/div>\n<\/div><\/div>\n<p>&nbsp;<\/p>\n<p>&nbsp;<\/p>\n<p>&nbsp;<\/p>\n<table style=\"border-collapse: collapse; width: 43.9655%; height: 134px;\">\n<tbody>\n<tr>\n<td style=\"width: 30.6373%; text-align: center;\"><\/td>\n<td style=\"width: 69.3627%; text-align: center;\">\n<h3><strong>Restaurant opening hours<\/strong><\/h3>\n<\/td>\n<\/tr>\n<tr>\n<td style=\"width: 30.6373%; text-align: center;\"><strong>Monday, Tuesday, Wednesday, Thursday<\/strong><\/td>\n<td style=\"width: 69.3627%; text-align: center;\"><strong>16:00 &#8211; 22:00<\/strong><\/td>\n<\/tr>\n<tr>\n<td style=\"width: 30.6373%; text-align: center;\"><strong>Friday<\/strong><\/td>\n<td style=\"width: 69.3627%; text-align: center;\"><strong> \u00a014:00 \u2013 23:00<\/strong><\/td>\n<\/tr>\n<tr>\n<td style=\"width: 30.6373%; text-align: center;\"><strong>Saturday<\/strong><\/td>\n<td style=\"width: 69.3627%; text-align: center;\"><strong>\u00a012:00 \u2013 23:00<\/strong><\/td>\n<\/tr>\n<tr>\n<td style=\"width: 30.6373%; text-align: center;\"><strong>Sunday<\/strong><\/td>\n<td style=\"width: 69.3627%; text-align: center;\"><strong>\u00a012:00 \u2013 22:00<\/strong><\/td>\n<\/tr>\n<\/tbody>\n<\/table>\n<p>&nbsp;<\/p>\n<p>Room service available till 22:00 (orders until 21:00, on weekends until 22:00)<\/p>\n<p>Room service fee &#8211; 5 eur<\/p>\n<p>&nbsp;<\/p>\n<p>&nbsp;<\/p>\n<p>&nbsp;<\/p>\n<div class=\"wysiwyg-gallery d-flex flex-wrap\">\n            <div class=\"single-gallery-element position-relative overflow-hidden transition-default\">\n            <a href=\"\" data-toggle=\"modal\" data-target=\"#galleryImages0\" data-counter=\"0\" class=\"slider-image-link\">\n                <img decoding=\"async\" src=\"https:\/\/hotelezeri.lv\/wp-content\/uploads\/2021\/07\/1-min-768x512.jpg\" class=\"gallery-image position-absolute w-100 h-100\" alt=\"\">\n                            <\/a>\n        <\/div>\n                <div class=\"single-gallery-element position-relative overflow-hidden transition-default\">\n            <a href=\"\" data-toggle=\"modal\" data-target=\"#galleryImages0\" data-counter=\"1\" class=\"slider-image-link\">\n                <img decoding=\"async\" src=\"https:\/\/hotelezeri.lv\/wp-content\/uploads\/2021\/07\/3-min-768x512.jpg\" class=\"gallery-image position-absolute w-100 h-100\" alt=\"\">\n                            <\/a>\n        <\/div>\n                <div class=\"single-gallery-element position-relative overflow-hidden transition-default\">\n            <a href=\"\" data-toggle=\"modal\" data-target=\"#galleryImages0\" data-counter=\"2\" class=\"slider-image-link\">\n                <img decoding=\"async\" src=\"https:\/\/hotelezeri.lv\/wp-content\/uploads\/2021\/07\/5-min-768x512.jpg\" class=\"gallery-image position-absolute w-100 h-100\" alt=\"\">\n                            <\/a>\n        <\/div>\n                <div class=\"single-gallery-element position-relative overflow-hidden transition-default\">\n            <a href=\"\" data-toggle=\"modal\" data-target=\"#galleryImages0\" data-counter=\"3\" class=\"slider-image-link\">\n                <img decoding=\"async\" src=\"https:\/\/hotelezeri.lv\/wp-content\/uploads\/2021\/07\/2-min-768x512.jpg\" class=\"gallery-image position-absolute w-100 h-100\" alt=\"\">\n                                    <div class=\"darkness-effect position-absolute w-100 h-100\"><\/div>\n                    <div class=\"number-additional position-absolute\"><img decoding=\"async\" src=\"https:\/\/hotelezeri.lv\/wp-content\/themes\/hotelezeri\/images\/image-gallery.svg\"> Atv\u0113rt v\u0113l 10 bildes<\/div>\n                            <\/a>\n        <\/div>\n        <\/div>\n<div class=\"image-modal-window\">\n    <div class=\"modal\" id=\"galleryImages0\" tabindex=\"-1\">\n        <div class=\"modal-dialog d-inline-block w-100\">\n            <div class=\"modal-content d-block\">\n                <div id=\"imagesSlider0\" class=\"carousel slide\" data-ride=\"carousel\" data-interval=\"false\">\n                    <div class=\"carousel-inner\">\n                                                    <div class=\"carousel-item active\" data-counter=\"0\">\n                                <div class=\"align-modal-helper d-flex flex-wrap align-items-center justify-content-center\">\n                                    <img decoding=\"async\" src=\"https:\/\/hotelezeri.lv\/wp-content\/uploads\/2021\/07\/1-min-1500x1000.jpg\" class=\"slide-image\"  alt=\"\">\n                                                                    <\/div>\n                            <\/div>\n                                                        <div class=\"carousel-item \" data-counter=\"1\">\n                                <div class=\"align-modal-helper d-flex flex-wrap align-items-center justify-content-center\">\n                                    <img decoding=\"async\" src=\"https:\/\/hotelezeri.lv\/wp-content\/uploads\/2021\/07\/3-min-1500x1000.jpg\" class=\"slide-image\"  alt=\"\">\n                                                                    <\/div>\n                            <\/div>\n                                                        <div class=\"carousel-item \" data-counter=\"2\">\n                                <div class=\"align-modal-helper d-flex flex-wrap align-items-center justify-content-center\">\n                                    <img decoding=\"async\" src=\"https:\/\/hotelezeri.lv\/wp-content\/uploads\/2021\/07\/5-min-1500x1000.jpg\" class=\"slide-image\"  alt=\"\">\n                                                                    <\/div>\n                            <\/div>\n                                                        <div class=\"carousel-item \" data-counter=\"3\">\n                                <div class=\"align-modal-helper d-flex flex-wrap align-items-center justify-content-center\">\n                                    <img decoding=\"async\" src=\"https:\/\/hotelezeri.lv\/wp-content\/uploads\/2021\/07\/2-min-1500x1000.jpg\" class=\"slide-image\"  alt=\"\">\n                                                                    <\/div>\n                            <\/div>\n                                                        <div class=\"carousel-item \" data-counter=\"4\">\n                                <div class=\"align-modal-helper d-flex flex-wrap align-items-center justify-content-center\">\n                                    <img decoding=\"async\" src=\"https:\/\/hotelezeri.lv\/wp-content\/uploads\/2021\/07\/4-min-1500x1000.jpg\" class=\"slide-image\"  alt=\"\">\n                                                                    <\/div>\n                            <\/div>\n                                                        <div class=\"carousel-item \" data-counter=\"5\">\n                                <div class=\"align-modal-helper d-flex flex-wrap align-items-center justify-content-center\">\n                                    <img decoding=\"async\" src=\"https:\/\/hotelezeri.lv\/wp-content\/uploads\/2021\/07\/6-min-1500x1000.jpg\" class=\"slide-image\"  alt=\"\">\n                                                                    <\/div>\n                            <\/div>\n                                                        <div class=\"carousel-item \" data-counter=\"6\">\n                                <div class=\"align-modal-helper d-flex flex-wrap align-items-center justify-content-center\">\n                                    <img decoding=\"async\" src=\"https:\/\/hotelezeri.lv\/wp-content\/uploads\/2021\/07\/7-min-1500x1000.jpg\" class=\"slide-image\"  alt=\"\">\n                                                                    <\/div>\n                            <\/div>\n                                                        <div class=\"carousel-item \" data-counter=\"7\">\n                                <div class=\"align-modal-helper d-flex flex-wrap align-items-center justify-content-center\">\n                                    <img decoding=\"async\" src=\"https:\/\/hotelezeri.lv\/wp-content\/uploads\/2021\/07\/8-min-1500x1000.jpg\" class=\"slide-image\"  alt=\"\">\n                                                                    <\/div>\n                            <\/div>\n                                                        <div class=\"carousel-item \" data-counter=\"8\">\n                                <div class=\"align-modal-helper d-flex flex-wrap align-items-center justify-content-center\">\n                                    <img decoding=\"async\" src=\"https:\/\/hotelezeri.lv\/wp-content\/uploads\/2021\/07\/9-min-1500x1000.jpg\" class=\"slide-image\"  alt=\"\">\n                                                                    <\/div>\n                            <\/div>\n                                                        <div class=\"carousel-item \" data-counter=\"9\">\n                                <div class=\"align-modal-helper d-flex flex-wrap align-items-center justify-content-center\">\n                                    <img decoding=\"async\" src=\"https:\/\/hotelezeri.lv\/wp-content\/uploads\/2021\/07\/10-min-1500x1000.jpg\" class=\"slide-image\"  alt=\"\">\n                                                                    <\/div>\n                            <\/div>\n                                                        <div class=\"carousel-item \" data-counter=\"10\">\n                                <div class=\"align-modal-helper d-flex flex-wrap align-items-center justify-content-center\">\n                                    <img decoding=\"async\" src=\"https:\/\/hotelezeri.lv\/wp-content\/uploads\/2021\/07\/11-min-1500x1000.jpg\" class=\"slide-image\"  alt=\"\">\n                                                                    <\/div>\n                            <\/div>\n                                                        <div class=\"carousel-item \" data-counter=\"11\">\n                                <div class=\"align-modal-helper d-flex flex-wrap align-items-center justify-content-center\">\n                                    <img decoding=\"async\" src=\"https:\/\/hotelezeri.lv\/wp-content\/uploads\/2021\/07\/12-min-1500x1000.jpg\" class=\"slide-image\"  alt=\"\">\n                                                                    <\/div>\n                            <\/div>\n                                                        <div class=\"carousel-item \" data-counter=\"12\">\n                                <div class=\"align-modal-helper d-flex flex-wrap align-items-center justify-content-center\">\n                                    <img decoding=\"async\" src=\"https:\/\/hotelezeri.lv\/wp-content\/uploads\/2021\/07\/13-min-1500x1000.jpg\" class=\"slide-image\"  alt=\"\">\n                                                                    <\/div>\n                            <\/div>\n                                                        <div class=\"carousel-item \" data-counter=\"13\">\n                                <div class=\"align-modal-helper d-flex flex-wrap align-items-center justify-content-center\">\n                                    <img decoding=\"async\" src=\"https:\/\/hotelezeri.lv\/wp-content\/uploads\/2021\/07\/14-min-1500x1000.jpg\" class=\"slide-image\"  alt=\"\">\n                                                                    <\/div>\n                            <\/div>\n                                                <\/div>\n                <\/div>\n            <\/div>\n        <\/div>\n                    <a class=\"carousel-control-prev position-absolute\" href=\"#imagesSlider0\" role=\"button\" data-slide=\"prev\">\n                <img decoding=\"async\" src=\"https:\/\/hotelezeri.lv\/wp-content\/themes\/hotelezeri\/images\/left-chevron-white.svg\" alt=\"\">\n            <\/a>\n            <a class=\"carousel-control-next position-absolute\" href=\"#imagesSlider0\" role=\"button\" data-slide=\"next\">\n                <img decoding=\"async\" src=\"https:\/\/hotelezeri.lv\/wp-content\/themes\/hotelezeri\/images\/right-chevron-white.svg\" alt=\"\">\n            <\/a>\n                <button class=\"modal-cross position-absolute\" data-dismiss=\"modal\">\n            <img decoding=\"async\" src=\"https:\/\/hotelezeri.lv\/wp-content\/themes\/hotelezeri\/images\/cancel-white.svg\" alt=\"\">\n        <\/button>\n    <\/div>\n<\/div>\n<p>&nbsp;<\/p>\n","protected":false},"excerpt":{"rendered":"<p>The chef of the restaurant \u201cGadalaiki\u201d surprises with something new every season. A pleasure not only for the stomach, but also for all other senses. Guests are invited to experience how exquisitely delicious and thoughtful food from local farmers can be. &nbsp; &nbsp; &nbsp; Restaurant opening hours Monday, Tuesday, Wednesday, Thursday 16:00 &#8211; 22:00 Friday&#8230;<\/p>\n","protected":false},"author":1,"featured_media":994,"parent":0,"menu_order":0,"comment_status":"closed","ping_status":"closed","template":"restaurant.php","meta":{"_acf_changed":false,"footnotes":""},"class_list":["post-2725","page","type-page","status-publish","has-post-thumbnail","hentry"],"acf":[],"aioseo_notices":[],"_links":{"self":[{"href":"https:\/\/hotelezeri.lv\/en\/wp-json\/wp\/v2\/pages\/2725","targetHints":{"allow":["GET"]}}],"collection":[{"href":"https:\/\/hotelezeri.lv\/en\/wp-json\/wp\/v2\/pages"}],"about":[{"href":"https:\/\/hotelezeri.lv\/en\/wp-json\/wp\/v2\/types\/page"}],"author":[{"embeddable":true,"href":"https:\/\/hotelezeri.lv\/en\/wp-json\/wp\/v2\/users\/1"}],"replies":[{"embeddable":true,"href":"https:\/\/hotelezeri.lv\/en\/wp-json\/wp\/v2\/comments?post=2725"}],"version-history":[{"count":68,"href":"https:\/\/hotelezeri.lv\/en\/wp-json\/wp\/v2\/pages\/2725\/revisions"}],"predecessor-version":[{"id":6559,"href":"https:\/\/hotelezeri.lv\/en\/wp-json\/wp\/v2\/pages\/2725\/revisions\/6559"}],"wp:featuredmedia":[{"embeddable":true,"href":"https:\/\/hotelezeri.lv\/en\/wp-json\/wp\/v2\/media\/994"}],"wp:attachment":[{"href":"https:\/\/hotelezeri.lv\/en\/wp-json\/wp\/v2\/media?parent=2725"}],"curies":[{"name":"wp","href":"https:\/\/api.w.org\/{rel}","templated":true}]}}