{"id":2704,"date":"2021-10-29T15:12:55","date_gmt":"2021-10-29T12:12:55","guid":{"rendered":"https:\/\/hotelezeri.lv\/distances-ligums\/"},"modified":"2022-01-21T10:17:07","modified_gmt":"2022-01-21T08:17:07","slug":"distance-contract","status":"publish","type":"page","link":"https:\/\/hotelezeri.lv\/en\/distance-contract\/","title":{"rendered":"Distance contract"},"content":{"rendered":"<p>CENAS GARANTIJA<\/p>\n<p>SPA hotel Ezeri garant\u0113, ka cena, par k\u0101du ir ieg\u0101d\u0101ta d\u0101vanu karte b\u016bs nemain\u012bga vis\u0101 d\u0101vanu kartes der\u012bguma termi\u0146\u0101.<\/p>\n<p>NAUDAS ATGRIE\u0160ANAS GARANTIJA<\/p>\n<p>Nopirktu un neizmantotu d\u0101vanu karti var atgriezt 14 (\u010detrpadsmit) kalend\u0101ro dienu laik\u0101 no pirkuma datuma. Pirc\u0113jam ir j\u0101raksta uz e-pastu i&#110;&#102;&#x6f;&#x40;&#x68;ot&#101;&#108;&#x65;&#x7a;&#x65;r&#105;&#46;&#108;&#x76; iesniegums br\u012bv\u0101 form\u0101 par naudas atgrie\u0161anu, nor\u0101dot d\u0101vanu kartes unik\u0101lo kodu un atgrie\u0161anas iemeslu. T\u0101 k\u0101 d\u0101vanu karte tika apmaks\u0101ta ar bankas p\u0101rskait\u012bjumu, nauda tiek atgriezta maks\u0101t\u0101ja kont\u0101. Naudu atgrie\u017eam 5 (piecu) darba dienu laik\u0101 no pras\u012bjuma sa\u0146em\u0161anas.<\/p>\n<p>D\u0100VANU\u00a0KARTES APMAI\u0145AS GARANTIJA<\/p>\n<p>Nopirktu un neizmantotu d\u0101vanu karti var nomain\u012bt uz citu d\u0101vanu\u00a0karti t\u0101s der\u012bguma termi\u0146a period\u0101. Pirc\u0113jam ir j\u0101ats\u016bta br\u012bvas formas iesniegums uz e-pastu &#x69;&#x6e;&#x66;&#111;&#64;ho&#x74;&#x65;&#x6c;&#x65;&#122;&#101;ri&#x2e;&#x6c;&#x76;, nor\u0101dot d\u0101vanu\u00a0kartes\u00a0rezerv\u0101cijas kodu un pakalpojumu, uz kuru v\u0113laties to apmain\u012bt. 1 (vienas) darba dienas laika m\u0113s nos\u016bt\u012bsim Jums jauno d\u0101vanu\u00a0karti uz nor\u0101d\u012bto e-pastu. Jaun\u0101s d\u0101vanu kartes der\u012bguma termi\u0146\u0161 b\u016bs t\u0101ds pats, k\u0101 J\u016bsu eso\u0161ajai d\u0101vanu kartei.<\/p>\n<p>PIRKUMA DRO\u0160\u012aBAS\u00a0GARANTIJA<\/p>\n<p>Katrs maks\u0101jums veicams caur m\u016bsu maks\u0101jumu partnera SEB bankas nor\u0113\u0137inu sist\u0113mu, ir piln\u012bb\u0101 uzticams un past\u0101v\u012bgi tiek p\u0101rbaud\u012bts da\u017e\u0101d\u0101s instit\u016bcij\u0101s, kuras ir atbild\u012bgas par dro\u0161u datu un pat\u0113r\u0113t\u0101ju aizsardz\u012bbu. T\u0101p\u0113c nav iesp\u0113jama datu, ko J\u016bs sniedzat pirkuma br\u012bd\u012b, \u013caunpr\u0101t\u012bga izmanto\u0161ana. Turkl\u0101t, Spa hotel Ezeri ir atbild\u012bgs par pas\u016bt\u012bjuma laik\u0101 sniegto datu dro\u0161\u012bbu un nek\u0101d\u0101 veid\u0101 to nenodod tre\u0161aj\u0101m person\u0101m, ja vien t\u0101s nav likum\u012bgi nepiecie\u0161amas proced\u016bras.<\/p>\n<p>BEZMAKSAS PIEG\u0100DES GARANTIJA<\/p>\n<p>D\u0101vanu karti pieg\u0101d\u0101sim bezmaksas uz J\u016bsu nor\u0101d\u012bto e-pastu.<\/p>\n<p>Ja pas\u016bt\u012bjums ir nepieg\u0101d\u0101ts Pirc\u0113ja k\u013c\u016bdas d\u0113\u013c, neprec\u012bzi vai nepareizi nor\u0101dot e-pasta adrese, d\u0101vanu karte tiks pieg\u0101d\u0101ta atk\u0101rtoti p\u0113c pirc\u0113ja piepras\u012bjuma un pareizas e-pasta adrese sa\u0146em\u0161anas.<\/p>\n<p>&nbsp;<\/p>\n","protected":false},"excerpt":{"rendered":"<p>CENAS GARANTIJA SPA hotel Ezeri garant\u0113, ka cena, par k\u0101du ir ieg\u0101d\u0101ta d\u0101vanu karte b\u016bs nemain\u012bga vis\u0101 d\u0101vanu kartes der\u012bguma termi\u0146\u0101. NAUDAS ATGRIE\u0160ANAS GARANTIJA Nopirktu un neizmantotu d\u0101vanu karti var atgriezt 14 (\u010detrpadsmit) kalend\u0101ro dienu laik\u0101 no pirkuma datuma. Pirc\u0113jam ir j\u0101raksta uz e-pastu &#105;&#x6e;&#x66;o&#64;&#x68;&#x6f;t&#101;&#x6c;e&#122;&#x65;&#x72;i&#46;&#x6c;v iesniegums br\u012bv\u0101 form\u0101 par naudas atgrie\u0161anu, nor\u0101dot d\u0101vanu kartes unik\u0101lo&#8230;<\/p>\n","protected":false},"author":1,"featured_media":0,"parent":0,"menu_order":0,"comment_status":"closed","ping_status":"closed","template":"","meta":{"_acf_changed":false,"footnotes":""},"class_list":["post-2704","page","type-page","status-publish","hentry"],"acf":[],"aioseo_notices":[],"_links":{"self":[{"href":"https:\/\/hotelezeri.lv\/en\/wp-json\/wp\/v2\/pages\/2704","targetHints":{"allow":["GET"]}}],"collection":[{"href":"https:\/\/hotelezeri.lv\/en\/wp-json\/wp\/v2\/pages"}],"about":[{"href":"https:\/\/hotelezeri.lv\/en\/wp-json\/wp\/v2\/types\/page"}],"author":[{"embeddable":true,"href":"https:\/\/hotelezeri.lv\/en\/wp-json\/wp\/v2\/users\/1"}],"replies":[{"embeddable":true,"href":"https:\/\/hotelezeri.lv\/en\/wp-json\/wp\/v2\/comments?post=2704"}],"version-history":[{"count":1,"href":"https:\/\/hotelezeri.lv\/en\/wp-json\/wp\/v2\/pages\/2704\/revisions"}],"predecessor-version":[{"id":2705,"href":"https:\/\/hotelezeri.lv\/en\/wp-json\/wp\/v2\/pages\/2704\/revisions\/2705"}],"wp:attachment":[{"href":"https:\/\/hotelezeri.lv\/en\/wp-json\/wp\/v2\/media?parent=2704"}],"curies":[{"name":"wp","href":"https:\/\/api.w.org\/{rel}","templated":true}]}}